{"id":3367,"date":"2024-01-04T15:52:21","date_gmt":"2024-01-04T15:52:21","guid":{"rendered":"https:\/\/gru.db-text.at\/?page_id=3367"},"modified":"2024-02-12T09:53:43","modified_gmt":"2024-02-12T09:53:43","slug":"privacy-policy-2-2","status":"publish","type":"page","link":"https:\/\/gruber-fuerschuss.at\/?page_id=3367","title":{"rendered":"Impressum"},"content":{"rendered":"<section  class='av_textblock_section av-lqzdxscx-2296b31a5d6f422101e6111af79c7171 '   itemscope=\"itemscope\" itemtype=\"https:\/\/schema.org\/CreativeWork\" ><div class='avia_textblock'  itemprop=\"text\" ><h1><strong>Impressum<\/strong><\/h1>\n<p>Dr. Marlene Gruber-F\u00fcrschuss<br \/>\nRennbahnweg 27\/12\/3<br \/>\n1220 Wien<br \/>\nordination@gruber-f\u00fcrschuss.at<\/p>\n<p>Telefon: +43 \/ (0)1 2598235<br \/>\nE-Mail: ordination@gruber-f\u00fcrschuss.at<br \/>\nWebsite: https:\/\/www.gruber-f\u00fcrschuss.at<\/p>\n<p><strong>Berufsbezeichnung<\/strong><br \/>\nZahn\u00e4rztin (Dr.med.dent.), verliehen in \u00d6sterreich<\/p>\n<p><strong>Unternehmensgegenstand<\/strong><br \/>\nBetrieb einer Ordination f\u00fcr Zahnheilkunde<\/p>\n<p><strong>Anwendbare Rechtsvorschrift<\/strong><br \/>\nBundesgesetz \u00fcber die Aus\u00fcbung des \u00e4rztlichen Berufes, abrufbar unter <a href=\"https:\/\/www.ris.bka.gv.at\/\">www.ris.bka.gv.at<\/a><\/p>\n<p><strong>Mitglied der Zahn\u00e4rztekammer f\u00fcr Wien<\/strong><br \/>\nKohlmarkt 11\/6, 1010 Wien<br \/>\n<a href=\"https:\/\/www.wr.zahnaerztekammer.at\">www.wr.zahnaerztekammer.at<\/a><\/p>\n<p>Mitglied der \u00f6sterreichischen Zahn\u00e4rztekammer<br \/>\nKohlmarkt 11\/6, 1010 Wien<br \/>\n<a href=\"https:\/\/www.zahnaerztekammer.at\">www.zahnaerztekammer.at<\/a><\/p>\n<p><strong>Konzept und Umsetzung von www.gruber-f\u00fcrschuss.at<br \/>\n<\/strong>Mag. Daniela Baumgartner, db Text &amp; Konzept e.U.<br \/>\n<a href=\"https:\/\/www.db-text.at\">www.db-text.at<\/a><strong><br \/>\n<\/strong><\/p>\n<p><strong>Fotos<\/strong><br \/>\nMag. Daniela Baumgartner, db Text &amp; Konzept e.U.<br \/>\n<a href=\"https:\/\/www.db-text.at\">www.db-text.at<\/a><\/p>\n<p>Beachten Sie bitte auch unsere Hinweise zum Datenschutz in der Datenschutzerkl\u00e4rung.<\/p>\n<\/div><\/section>\n","protected":false},"excerpt":{"rendered":"","protected":false},"author":1,"featured_media":0,"parent":0,"menu_order":0,"comment_status":"closed","ping_status":"open","template":"","meta":{"footnotes":""},"class_list":["post-3367","page","type-page","status-publish","hentry"],"_links":{"self":[{"href":"https:\/\/gruber-fuerschuss.at\/index.php?rest_route=\/wp\/v2\/pages\/3367","targetHints":{"allow":["GET"]}}],"collection":[{"href":"https:\/\/gruber-fuerschuss.at\/index.php?rest_route=\/wp\/v2\/pages"}],"about":[{"href":"https:\/\/gruber-fuerschuss.at\/index.php?rest_route=\/wp\/v2\/types\/page"}],"author":[{"embeddable":true,"href":"https:\/\/gruber-fuerschuss.at\/index.php?rest_route=\/wp\/v2\/users\/1"}],"replies":[{"embeddable":true,"href":"https:\/\/gruber-fuerschuss.at\/index.php?rest_route=%2Fwp%2Fv2%2Fcomments&post=3367"}],"version-history":[{"count":6,"href":"https:\/\/gruber-fuerschuss.at\/index.php?rest_route=\/wp\/v2\/pages\/3367\/revisions"}],"predecessor-version":[{"id":3432,"href":"https:\/\/gruber-fuerschuss.at\/index.php?rest_route=\/wp\/v2\/pages\/3367\/revisions\/3432"}],"wp:attachment":[{"href":"https:\/\/gruber-fuerschuss.at\/index.php?rest_route=%2Fwp%2Fv2%2Fmedia&parent=3367"}],"curies":[{"name":"wp","href":"https:\/\/api.w.org\/{rel}","templated":true}]}}