{"id":3315,"date":"2024-01-02T15:29:19","date_gmt":"2024-01-02T15:29:19","guid":{"rendered":"https:\/\/gru.db-text.at\/?page_id=3315"},"modified":"2025-03-03T08:39:28","modified_gmt":"2025-03-03T08:39:28","slug":"aktuelles","status":"publish","type":"page","link":"https:\/\/gruber-fuerschuss.at\/?page_id=3315","title":{"rendered":"Aktuelles"},"content":{"rendered":"<div  class='flex_column av-4krkib-1e210acb7d2235d67b18b8cc3590a6a5 av_one_third  avia-builder-el-0  el_before_av_two_third  avia-builder-el-first  first flex_column_div  '     ><style type=\"text\/css\" data-created_by=\"avia_inline_auto\" id=\"style-css-av-lqwk59oz-632213373aae94743cde8f09eebeeb93\">\n.avia-image-container.av-lqwk59oz-632213373aae94743cde8f09eebeeb93 img.avia_image{\nbox-shadow:none;\n}\n.avia-image-container.av-lqwk59oz-632213373aae94743cde8f09eebeeb93 .av-image-caption-overlay-center{\ncolor:#ffffff;\n}\n<\/style>\n<div  class='avia-image-container av-lqwk59oz-632213373aae94743cde8f09eebeeb93 av-styling- avia-align-center  avia-builder-el-1  avia-builder-el-no-sibling '   itemprop=\"image\" itemscope=\"itemscope\" itemtype=\"https:\/\/schema.org\/ImageObject\" ><div class=\"avia-image-container-inner\"><div class=\"avia-image-overlay-wrap\"><img decoding=\"async\" fetchpriority=\"high\" class='wp-image-3471 avia-img-lazy-loading-not-3471 avia_image ' src=\"https:\/\/gruber-fuerschuss.at\/wp-content\/uploads\/2024\/05\/Empfang-300x200.jpg\" alt='Empfang Ordination Dr. Gruber-F\u00fcrschuss, an der Wand 2 Schmuckbilder' title='Empfang'  height=\"200\" width=\"300\"  itemprop=\"thumbnailUrl\" srcset=\"https:\/\/gruber-fuerschuss.at\/wp-content\/uploads\/2024\/05\/Empfang-300x200.jpg 300w, https:\/\/gruber-fuerschuss.at\/wp-content\/uploads\/2024\/05\/Empfang-768x512.jpg 768w, https:\/\/gruber-fuerschuss.at\/wp-content\/uploads\/2024\/05\/Empfang-705x470.jpg 705w, https:\/\/gruber-fuerschuss.at\/wp-content\/uploads\/2024\/05\/Empfang.jpg 1030w\" sizes=\"(max-width: 300px) 100vw, 300px\" \/><\/div><\/div><\/div><\/div>\n<div  class='flex_column av-bvgcz-89d69c62991f0e61c0bcbc71d2044b53 av_two_third  avia-builder-el-2  el_after_av_one_third  avia-builder-el-last  flex_column_div  '     ><section  class='av_textblock_section av-lqwiocgg-64d6f3f3e06fb27c400ecc4210faabd7 '   itemscope=\"itemscope\" itemtype=\"https:\/\/schema.org\/CreativeWork\" ><div class='avia_textblock'  itemprop=\"text\" ><h1>Aktuelles<\/h1>\n<p>Wir haben 2025 unsere Ordination zu folgenden Zeiten geschlossen:<\/p>\n<p>17. und 18. April<\/p>\n<p>2. Mai<\/p>\n<p>29. Mai bis 9. Juni<\/p>\n<p>19. Juni<\/p>\n<p>Bitte wenden Sie sich in akuten Notf\u00e4llen au\u00dferhalb unserer Ordinationszeiten an den <strong>zahn\u00e4rztlichen Notdienst<\/strong> (01\/512 20 78) oder an die <strong>Notfallambulanz der Univ. Zahnklinik mit Traumaversorgung<\/strong> im 9.Bez. (Senseng. 2a, 1090 Wien, 01\/40070-2023, Mo-So 8-14h)<\/p>\n<p>Bitte bringen Sie zu jedem Termin Ihre<strong> g\u00fcltige E-card<\/strong> mit. Bitte beachten Sie, dass seit <strong>J\u00e4n. 2024<\/strong> nur mehr <strong>E-cards mit Foto g\u00fcltig<\/strong> sind. (Bei Fragen zu Ihrer E-card wenden Sie sich an das <strong>Service der Sozialversicherung (Tel. 050124 33 11)<\/strong>)<\/p>\n<p>Wir bitten Sie um Ihr Verst\u00e4ndnis, dass wir telefonisch keinerlei Ausk\u00fcnfte \u00fcber die laufenden Tarifverhandlungen oder Honorarh\u00f6hen geben k\u00f6nnen.<\/p>\n<\/div><\/section><\/div>\n","protected":false},"excerpt":{"rendered":"","protected":false},"author":1,"featured_media":0,"parent":0,"menu_order":0,"comment_status":"closed","ping_status":"closed","template":"","meta":{"footnotes":""},"class_list":["post-3315","page","type-page","status-publish","hentry"],"_links":{"self":[{"href":"https:\/\/gruber-fuerschuss.at\/index.php?rest_route=\/wp\/v2\/pages\/3315","targetHints":{"allow":["GET"]}}],"collection":[{"href":"https:\/\/gruber-fuerschuss.at\/index.php?rest_route=\/wp\/v2\/pages"}],"about":[{"href":"https:\/\/gruber-fuerschuss.at\/index.php?rest_route=\/wp\/v2\/types\/page"}],"author":[{"embeddable":true,"href":"https:\/\/gruber-fuerschuss.at\/index.php?rest_route=\/wp\/v2\/users\/1"}],"replies":[{"embeddable":true,"href":"https:\/\/gruber-fuerschuss.at\/index.php?rest_route=%2Fwp%2Fv2%2Fcomments&post=3315"}],"version-history":[{"count":11,"href":"https:\/\/gruber-fuerschuss.at\/index.php?rest_route=\/wp\/v2\/pages\/3315\/revisions"}],"predecessor-version":[{"id":3496,"href":"https:\/\/gruber-fuerschuss.at\/index.php?rest_route=\/wp\/v2\/pages\/3315\/revisions\/3496"}],"wp:attachment":[{"href":"https:\/\/gruber-fuerschuss.at\/index.php?rest_route=%2Fwp%2Fv2%2Fmedia&parent=3315"}],"curies":[{"name":"wp","href":"https:\/\/api.w.org\/{rel}","templated":true}]}}