{"id":3311,"date":"2024-01-02T15:20:14","date_gmt":"2024-01-02T15:20:14","guid":{"rendered":"https:\/\/gru.db-text.at\/?page_id=3311"},"modified":"2024-02-12T09:07:16","modified_gmt":"2024-02-12T09:07:16","slug":"services-2","status":"publish","type":"page","link":"https:\/\/gruber-fuerschuss.at\/?page_id=3311","title":{"rendered":"Leistungen"},"content":{"rendered":"<div  class='flex_column av-imq2n-3d915bfa0b6c47ddcc4e96b12dd13597 av_one_full  avia-builder-el-0  el_before_av_two_third  avia-builder-el-first  first flex_column_div  '     ><style type=\"text\/css\" data-created_by=\"avia_inline_auto\" id=\"style-css-av-lqzcn2r5-7f5f05a075b698670b8c3e314793fda8\">\n.avia-image-container.av-lqzcn2r5-7f5f05a075b698670b8c3e314793fda8 img.avia_image{\nbox-shadow:none;\n}\n.avia-image-container.av-lqzcn2r5-7f5f05a075b698670b8c3e314793fda8 .av-image-caption-overlay-center{\ncolor:#ffffff;\n}\n<\/style>\n<div  class='avia-image-container av-lqzcn2r5-7f5f05a075b698670b8c3e314793fda8 av-styling- avia-align-center  avia-builder-el-1  avia-builder-el-no-sibling '   itemprop=\"image\" itemscope=\"itemscope\" itemtype=\"https:\/\/schema.org\/ImageObject\" ><div class=\"avia-image-container-inner\"><div class=\"avia-image-overlay-wrap\"><img decoding=\"async\" fetchpriority=\"high\" class='wp-image-3389 avia-img-lazy-loading-not-3389 avia_image ' src=\"https:\/\/gruber-fuerschuss.at\/wp-content\/uploads\/2024\/01\/Marlene-Gruber-Fuerschuss-mit-Patientin-690x460-1.jpg\" alt='Marlene Gruber-F\u00fcrschuss mit Patientin' title='Marlene Gruber-F\u00fcrschuss mit Patientin 690x460'  height=\"460\" width=\"690\"  itemprop=\"thumbnailUrl\" srcset=\"https:\/\/gruber-fuerschuss.at\/wp-content\/uploads\/2024\/01\/Marlene-Gruber-Fuerschuss-mit-Patientin-690x460-1.jpg 690w, https:\/\/gruber-fuerschuss.at\/wp-content\/uploads\/2024\/01\/Marlene-Gruber-Fuerschuss-mit-Patientin-690x460-1-300x200.jpg 300w\" sizes=\"(max-width: 690px) 100vw, 690px\" \/><\/div><\/div><\/div><\/div>\n<div  class='flex_column av-48wef3-72d11e10b1e252ef6ffaa535d6df5014 av_two_third  avia-builder-el-2  el_after_av_one_full  el_before_av_one_third  first flex_column_div  column-top-margin'     ><section  class='av_textblock_section av-771jvc-d80b1f7038690a204caaca35bb68c123 '   itemscope=\"itemscope\" itemtype=\"https:\/\/schema.org\/CreativeWork\" ><div class='avia_textblock'  itemprop=\"text\" ><h1>Unsere Leistungen<\/h1>\n<p>Gerne berate ich Sie unverbindlich zu <strong>folgenden Schwerpunkten<\/strong>:<\/p>\n<ul>\n<li>Behandlung von gro\u00dfen und kleinen <strong>Angstpatienten<\/strong><\/li>\n<li><strong>Mundhygiene<\/strong> und Parodontitis &#8211; Prophylaxe<\/li>\n<li><strong>F\u00fcllungstherapie<\/strong><\/li>\n<li>festsitzender und abnehmbarer <strong>Zahnersatz<\/strong><\/li>\n<li><strong>Implantatprothetik<\/strong><\/li>\n<li>Korrektur von Zahnfehlstellungen mit unsichtbaren Schienen<\/li>\n<\/ul>\n<p>Da es mir ein besonderes Anliegen ist, jeden Patienten individuell und unverbindlich zu beraten, bitte ich um Ihr Verst\u00e4ndnis, dass wir weder telefonisch noch per E-Mail Ausk\u00fcnfte \u00fcber Honorarh\u00f6hen geben k\u00f6nnen.<\/p>\n<p><strong>Alle Kassen und privat.\u00a0<\/strong><\/p>\n<p>Bitte bringen Sie zu jedem Termin Ihre<strong> g\u00fcltige E-card<\/strong> mit. Bitte beachten Sie, dass seit <strong>J\u00e4n. 2024<\/strong> nur mehr <strong>E-cards mit Foto g\u00fcltig<\/strong> sind. (Bei Fragen zu Ihrer E-card wenden Sie sich an das <strong>Service der Sozialversicherung (Tel. 050124 33 11)<\/strong>)<\/p>\n<\/div><\/section><\/div>\n<style type=\"text\/css\" data-created_by=\"avia_inline_auto\" id=\"style-css-av-2igghr-65df2e0593c9bacdd4dd5f59cb29ef16\">\n.flex_column.av-2igghr-65df2e0593c9bacdd4dd5f59cb29ef16{\nborder-radius:0px 0px 0px 0px;\npadding:40px 40px 40px 40px;\n}\n<\/style>\n<div  class='flex_column av-2igghr-65df2e0593c9bacdd4dd5f59cb29ef16 av_one_third  avia-builder-el-4  el_after_av_two_third  avia-builder-el-last  flex_column_div  column-top-margin'     ><style type=\"text\/css\" data-created_by=\"avia_inline_auto\" id=\"style-css-av-lqzck1rh-30c942399ff38275e5d89f73330bcc83\">\n.avia-image-container.av-lqzck1rh-30c942399ff38275e5d89f73330bcc83 img.avia_image{\nbox-shadow:none;\n}\n.avia-image-container.av-lqzck1rh-30c942399ff38275e5d89f73330bcc83 .av-image-caption-overlay-center{\ncolor:#ffffff;\n}\n<\/style>\n<div  class='avia-image-container av-lqzck1rh-30c942399ff38275e5d89f73330bcc83 av-styling- avia-align-center  avia-builder-el-5  avia-builder-el-no-sibling '   itemprop=\"image\" itemscope=\"itemscope\" itemtype=\"https:\/\/schema.org\/ImageObject\" ><div class=\"avia-image-container-inner\"><div class=\"avia-image-overlay-wrap\"><img decoding=\"async\" fetchpriority=\"high\" class='wp-image-3354 avia-img-lazy-loading-not-3354 avia_image ' src=\"https:\/\/gruber-fuerschuss.at\/wp-content\/uploads\/2024\/01\/Besteck-1030x687-1.jpg\" alt='Zahnarztbesteck auf Tablett' title='Besteck 1030x687'  height=\"687\" width=\"1030\"  itemprop=\"thumbnailUrl\" srcset=\"https:\/\/gruber-fuerschuss.at\/wp-content\/uploads\/2024\/01\/Besteck-1030x687-1.jpg 1030w, https:\/\/gruber-fuerschuss.at\/wp-content\/uploads\/2024\/01\/Besteck-1030x687-1-300x200.jpg 300w, https:\/\/gruber-fuerschuss.at\/wp-content\/uploads\/2024\/01\/Besteck-1030x687-1-768x512.jpg 768w, https:\/\/gruber-fuerschuss.at\/wp-content\/uploads\/2024\/01\/Besteck-1030x687-1-705x470.jpg 705w\" sizes=\"(max-width: 1030px) 100vw, 1030px\" \/><\/div><\/div><\/div><\/div><\/p>\n","protected":false},"excerpt":{"rendered":"","protected":false},"author":1,"featured_media":0,"parent":0,"menu_order":0,"comment_status":"closed","ping_status":"closed","template":"","meta":{"footnotes":""},"class_list":["post-3311","page","type-page","status-publish","hentry"],"_links":{"self":[{"href":"https:\/\/gruber-fuerschuss.at\/index.php?rest_route=\/wp\/v2\/pages\/3311","targetHints":{"allow":["GET"]}}],"collection":[{"href":"https:\/\/gruber-fuerschuss.at\/index.php?rest_route=\/wp\/v2\/pages"}],"about":[{"href":"https:\/\/gruber-fuerschuss.at\/index.php?rest_route=\/wp\/v2\/types\/page"}],"author":[{"embeddable":true,"href":"https:\/\/gruber-fuerschuss.at\/index.php?rest_route=\/wp\/v2\/users\/1"}],"replies":[{"embeddable":true,"href":"https:\/\/gruber-fuerschuss.at\/index.php?rest_route=%2Fwp%2Fv2%2Fcomments&post=3311"}],"version-history":[{"count":16,"href":"https:\/\/gruber-fuerschuss.at\/index.php?rest_route=\/wp\/v2\/pages\/3311\/revisions"}],"predecessor-version":[{"id":3427,"href":"https:\/\/gruber-fuerschuss.at\/index.php?rest_route=\/wp\/v2\/pages\/3311\/revisions\/3427"}],"wp:attachment":[{"href":"https:\/\/gruber-fuerschuss.at\/index.php?rest_route=%2Fwp%2Fv2%2Fmedia&parent=3311"}],"curies":[{"name":"wp","href":"https:\/\/api.w.org\/{rel}","templated":true}]}}