{"id":3309,"date":"2024-01-02T15:17:02","date_gmt":"2024-01-02T15:17:02","guid":{"rendered":"https:\/\/gru.db-text.at\/?page_id=3309"},"modified":"2024-04-02T15:11:55","modified_gmt":"2024-04-02T15:11:55","slug":"services-2","status":"publish","type":"page","link":"https:\/\/gruber-fuerschuss.at\/?page_id=3309","title":{"rendered":"\u00dcber uns"},"content":{"rendered":"<div  class='flex_column av-1aibnue-e593595a70ecc47e1d54a1f665d2174d av_one_half  avia-builder-el-0  el_before_av_one_half  avia-builder-el-first  first flex_column_div  '     ><p>\n<style type=\"text\/css\" data-created_by=\"avia_inline_auto\" id=\"style-css-av-19i3fom-0ea3a25b1067afd90ec845699e3129b6\">\n#top .av-special-heading.av-19i3fom-0ea3a25b1067afd90ec845699e3129b6{\npadding-bottom:10px;\n}\nbody .av-special-heading.av-19i3fom-0ea3a25b1067afd90ec845699e3129b6 .av-special-heading-tag .heading-char{\nfont-size:25px;\n}\n.av-special-heading.av-19i3fom-0ea3a25b1067afd90ec845699e3129b6 .av-subheading{\nfont-size:15px;\n}\n<\/style>\n<div  class='av-special-heading av-19i3fom-0ea3a25b1067afd90ec845699e3129b6 av-special-heading-h3 meta-heading  avia-builder-el-1  el_before_av_image  avia-builder-el-first '><h3 class='av-special-heading-tag '  itemprop=\"headline\"  >Dr. Marlene Gruber-F\u00fcrschuss<\/h3><div class=\"special-heading-border\"><div class=\"special-heading-inner-border\"><\/div><\/div><\/div><br \/>\n\n<style type=\"text\/css\" data-created_by=\"avia_inline_auto\" id=\"style-css-av-lqz1zd5j-37480be040e2a5fa11e693a567f31f84\">\n.avia-image-container.av-lqz1zd5j-37480be040e2a5fa11e693a567f31f84 img.avia_image{\nbox-shadow:none;\n}\n.avia-image-container.av-lqz1zd5j-37480be040e2a5fa11e693a567f31f84 .av-image-caption-overlay-center{\ncolor:#ffffff;\n}\n<\/style>\n<div  class='avia-image-container av-lqz1zd5j-37480be040e2a5fa11e693a567f31f84 av-styling- avia-align-center  avia-builder-el-2  el_after_av_heading  avia-builder-el-last '   itemprop=\"image\" itemscope=\"itemscope\" itemtype=\"https:\/\/schema.org\/ImageObject\" ><div class=\"avia-image-container-inner\"><div class=\"avia-image-overlay-wrap\"><img decoding=\"async\" fetchpriority=\"high\" class='wp-image-3339 avia-img-lazy-loading-not-3339 avia_image ' src=\"https:\/\/gruber-fuerschuss.at\/wp-content\/uploads\/2024\/01\/dr-marlene-gruber-fuerschuss-800x1122-1.jpg\" alt='Portr\u00e4tfoto von Dr. Marlene Gruber-F\u00fcrschuss vor hellem Hintergrund' title='dr marlene gruber f\u00fcrschuss 800x1122'  height=\"1122\" width=\"800\"  itemprop=\"thumbnailUrl\" srcset=\"https:\/\/gruber-fuerschuss.at\/wp-content\/uploads\/2024\/01\/dr-marlene-gruber-fuerschuss-800x1122-1.jpg 800w, https:\/\/gruber-fuerschuss.at\/wp-content\/uploads\/2024\/01\/dr-marlene-gruber-fuerschuss-800x1122-1-214x300.jpg 214w, https:\/\/gruber-fuerschuss.at\/wp-content\/uploads\/2024\/01\/dr-marlene-gruber-fuerschuss-800x1122-1-734x1030.jpg 734w, https:\/\/gruber-fuerschuss.at\/wp-content\/uploads\/2024\/01\/dr-marlene-gruber-fuerschuss-800x1122-1-768x1077.jpg 768w, https:\/\/gruber-fuerschuss.at\/wp-content\/uploads\/2024\/01\/dr-marlene-gruber-fuerschuss-800x1122-1-503x705.jpg 503w\" sizes=\"(max-width: 800px) 100vw, 800px\" \/><\/div><\/div><\/div><\/p><\/div>\n<div  class='flex_column av-qovpxi-52344f3bbb23cf91f163e043759b9d67 av_one_half  avia-builder-el-3  el_after_av_one_half  el_before_av_section  avia-builder-el-last  flex_column_div  '     ><p>\n<style type=\"text\/css\" data-created_by=\"avia_inline_auto\" id=\"style-css-av-2iz28m-0f169d442b87bc6f3044a836236901b7\">\n#top .av-special-heading.av-2iz28m-0f169d442b87bc6f3044a836236901b7{\npadding-bottom:10px;\n}\nbody .av-special-heading.av-2iz28m-0f169d442b87bc6f3044a836236901b7 .av-special-heading-tag .heading-char{\nfont-size:25px;\n}\n.av-special-heading.av-2iz28m-0f169d442b87bc6f3044a836236901b7 .av-subheading{\nfont-size:15px;\n}\n<\/style>\n<div  class='av-special-heading av-2iz28m-0f169d442b87bc6f3044a836236901b7 av-special-heading-h3 meta-heading  avia-builder-el-4  el_before_av_iconlist  avia-builder-el-first '><h3 class='av-special-heading-tag '  itemprop=\"headline\"  >\u00dcber uns<\/h3><div class=\"special-heading-border\"><div class=\"special-heading-inner-border\"><\/div><\/div><\/div><br \/>\n<div  class='avia-icon-list-container av-on743q-49f8a011e8546f51f547738e16b3f87c  avia-builder-el-5  el_after_av_heading  avia-builder-el-last '><ul class='avia-icon-list avia_animate_when_almost_visible avia-icon-list-left av-iconlist-big av-on743q-49f8a011e8546f51f547738e16b3f87c avia-iconlist-animate'>\n<li><div class='iconlist_icon av-lz7to6-db60bae71dc60f786cdd4dce09b18a74 avia-font- avia-svg-icon avia-font-svg_entypo-fontello'><span class='av-icon-char' data-av_svg_icon='136' data-av_iconset='svg_entypo-fontello'><\/span><\/div><article class=\"article-icon-entry \"  itemscope=\"itemscope\" itemtype=\"https:\/\/schema.org\/CreativeWork\" ><div class=\"iconlist_content_wrap\"><header class=\"entry-content-header\" aria-label=\"Icon: Er\u00f6ffnung der Ordination 1977\"><h4 class='av_iconlist_title iconlist_title  '  itemprop=\"headline\" >Er\u00f6ffnung der Ordination 1977<\/h4><\/header><div class='iconlist_content '  itemprop=\"text\" ><p>Neuer\u00f6ffnung der Ordination durch Dr. Christa Gruber im Jahr 1977. Unsere Ordination ist seit fast 50 Jahren ein Familienbetrieb.<\/p>\n<\/div><\/div><footer class=\"entry-footer\"><\/footer><\/article><div class=\"iconlist-timeline\"><\/div><\/li>\n<li><div class='iconlist_icon av-l0wed2-4b8b0f0ca0dc066baa4c06a2267ccb83 avia-font- avia-svg-icon avia-font-svg_entypo-fontello'><span class='av-icon-char' data-av_svg_icon='79' data-av_iconset='svg_entypo-fontello'><\/span><\/div><article class=\"article-icon-entry \"  itemscope=\"itemscope\" itemtype=\"https:\/\/schema.org\/CreativeWork\" ><div class=\"iconlist_content_wrap\"><header class=\"entry-content-header\" aria-label=\"Icon: Zahnmedizin Studium an der Meduni Wien\"><h4 class='av_iconlist_title iconlist_title  '  itemprop=\"headline\" >Zahnmedizin Studium an der Meduni Wien<\/h4><\/header><div class='iconlist_content '  itemprop=\"text\" ><p>Promotion 2005 zum Dr. med.dent. an der Meduni Wien<\/p>\n<\/div><\/div><footer class=\"entry-footer\"><\/footer><\/article><div class=\"iconlist-timeline\"><\/div><\/li>\n<li><div class='iconlist_icon av-hf7rdi-32a16044a03986677e011810a854ccb5 avia-font- avia-svg-icon avia-font-svg_entypo-fontello'><span class='av-icon-char' data-av_svg_icon='42' data-av_iconset='svg_entypo-fontello'><\/span><\/div><article class=\"article-icon-entry \"  itemscope=\"itemscope\" itemtype=\"https:\/\/schema.org\/CreativeWork\" ><div class=\"iconlist_content_wrap\"><header class=\"entry-content-header\" aria-label=\"Icon: Vertretungs\u00adt\u00e4tigkeit\"><h4 class='av_iconlist_title iconlist_title  '  itemprop=\"headline\" >Vertretungs\u00adt\u00e4tigkeit<\/h4><\/header><div class='iconlist_content '  itemprop=\"text\" ><p>von 2005-2011 Vertretung bei Dr. Christa Gruber<\/p>\n<\/div><\/div><footer class=\"entry-footer\"><\/footer><\/article><div class=\"iconlist-timeline\"><\/div><\/li>\n<li><div class='iconlist_icon av-fwlvrq-e49149cbecdab00c9cd7ba9dee78c9e1 avia-font- avia-svg-icon avia-font-svg_entypo-fontello'><span class='av-icon-char' data-av_svg_icon='70' data-av_iconset='svg_entypo-fontello'><\/span><\/div><article class=\"article-icon-entry \"  itemscope=\"itemscope\" itemtype=\"https:\/\/schema.org\/CreativeWork\" ><div class=\"iconlist_content_wrap\"><header class=\"entry-content-header\" aria-label=\"Icon: \u00dcbernahme der Kassenordination\"><h4 class='av_iconlist_title iconlist_title  '  itemprop=\"headline\" >\u00dcbernahme der Kassenordination<\/h4><\/header><div class='iconlist_content '  itemprop=\"text\" ><p>Mit Pensionierung meiner Mutter, Dr. Christa Gruber, im Jahr 2011 \u00dcbernahme der Kassenvertr\u00e4ge.<\/p>\n<p>Seitdem und laufend zahlreiche Fortbildungen, vor allem mit Schwerpunkt auf Hypnose und Kommunikation, sowie \u00e4sthetischer Zahnheilkunde.<\/p>\n<p>Fortbildungsdiplom der LZ\u00c4K Wien.<\/p>\n<\/div><\/div><footer class=\"entry-footer\"><\/footer><\/article><div class=\"iconlist-timeline\"><\/div><\/li>\n<\/ul><\/div><\/p><\/div><\/div><\/div><\/div><!-- close content main div --><\/div><\/div><div id='av_section_1'  class='avia-section av-ds4yty-3f5dea2923e64cc3e5eb81785519971b alternate_color avia-section-large avia-no-shadow  avia-builder-el-6  el_after_av_one_half  el_before_av_codeblock  avia-bg-style-scroll container_wrap sidebar_right'  ><div class='container av-section-cont-open' ><div class='template-page content  av-content-small alpha units'><div class='post-entry post-entry-type-page post-entry-3309'><div class='entry-content-wrapper clearfix'>\n<section  class='av_textblock_section av-c0zy4m-45c88c41b6f75f98f90fa8f1622d02f9 '   itemscope=\"itemscope\" itemtype=\"https:\/\/schema.org\/CreativeWork\" ><div class='avia_textblock'  itemprop=\"text\" ><h2 style=\"text-align: center;\">Bewertungen auf Doctify<\/h2>\n<\/div><\/section>\n<\/div><\/div><\/div><!-- close content main div --><\/div><\/div><div id='after_section_1'  class='main_color av_default_container_wrap container_wrap sidebar_right'  ><div class='container av-section-cont-open' ><div class='template-page content  av-content-small alpha units'><div class='post-entry post-entry-type-page post-entry-3309'><div class='entry-content-wrapper clearfix'><\/p>\n\n","protected":false},"excerpt":{"rendered":"","protected":false},"author":1,"featured_media":0,"parent":1122,"menu_order":0,"comment_status":"open","ping_status":"open","template":"","meta":{"footnotes":""},"class_list":["post-3309","page","type-page","status-publish","hentry"],"_links":{"self":[{"href":"https:\/\/gruber-fuerschuss.at\/index.php?rest_route=\/wp\/v2\/pages\/3309","targetHints":{"allow":["GET"]}}],"collection":[{"href":"https:\/\/gruber-fuerschuss.at\/index.php?rest_route=\/wp\/v2\/pages"}],"about":[{"href":"https:\/\/gruber-fuerschuss.at\/index.php?rest_route=\/wp\/v2\/types\/page"}],"author":[{"embeddable":true,"href":"https:\/\/gruber-fuerschuss.at\/index.php?rest_route=\/wp\/v2\/users\/1"}],"replies":[{"embeddable":true,"href":"https:\/\/gruber-fuerschuss.at\/index.php?rest_route=%2Fwp%2Fv2%2Fcomments&post=3309"}],"version-history":[{"count":13,"href":"https:\/\/gruber-fuerschuss.at\/index.php?rest_route=\/wp\/v2\/pages\/3309\/revisions"}],"predecessor-version":[{"id":3458,"href":"https:\/\/gruber-fuerschuss.at\/index.php?rest_route=\/wp\/v2\/pages\/3309\/revisions\/3458"}],"up":[{"embeddable":true,"href":"https:\/\/gruber-fuerschuss.at\/index.php?rest_route=\/wp\/v2\/pages\/1122"}],"wp:attachment":[{"href":"https:\/\/gruber-fuerschuss.at\/index.php?rest_route=%2Fwp%2Fv2%2Fmedia&parent=3309"}],"curies":[{"name":"wp","href":"https:\/\/api.w.org\/{rel}","templated":true}]}}