{"id":3277,"date":"2023-12-22T08:47:26","date_gmt":"2023-12-22T08:47:26","guid":{"rendered":"https:\/\/gru.db-text.at\/?page_id=3277"},"modified":"2024-12-17T21:41:01","modified_gmt":"2024-12-17T21:41:01","slug":"home","status":"publish","type":"page","link":"https:\/\/gruber-fuerschuss.at\/","title":{"rendered":"Home"},"content":{"rendered":"\n<style type=\"text\/css\" data-created_by=\"avia_inline_auto\" id=\"style-css-av-16ltkm6-c35e4e12649df03a1241f9b47751441c\">\n#top .av-special-heading.av-16ltkm6-c35e4e12649df03a1241f9b47751441c{\npadding-bottom:0;\n}\nbody .av-special-heading.av-16ltkm6-c35e4e12649df03a1241f9b47751441c .av-special-heading-tag .heading-char{\nfont-size:25px;\n}\n.av-special-heading.av-16ltkm6-c35e4e12649df03a1241f9b47751441c .av-subheading{\nfont-size:15px;\n}\n<\/style>\n<div  class='av-special-heading av-16ltkm6-c35e4e12649df03a1241f9b47751441c av-special-heading-h1 blockquote classic-quote  avia-builder-el-0  el_before_av_codeblock  avia-builder-el-first '><h1 class='av-special-heading-tag '  itemprop=\"headline\"  >Willkommen in der Zahnarzt\u00adordination <br \/> Dr. Gruber-F\u00fcrschuss!<\/h1><div class=\"special-heading-border\"><div class=\"special-heading-inner-border\"><\/div><\/div><\/div>\n\n<div  class='avia-slideshow av-14x9koe-304661e293c2375f1e33045b96869d57 avia-slideshow-entry_without_sidebar av_slideshow avia-fade-slider  avia-builder-el-2  el_after_av_codeblock  el_before_av_hr  av-slideshow-ui av-control-default av-slideshow-autoplay av-loop-endless av-loop-manual-endless av-default-height-applied avia-slideshow-1' data-slideshow-options=\"{&quot;animation&quot;:&quot;fade&quot;,&quot;autoplay&quot;:true,&quot;loop_autoplay&quot;:&quot;endless&quot;,&quot;interval&quot;:7,&quot;loop_manual&quot;:&quot;manual-endless&quot;,&quot;autoplay_stopper&quot;:false,&quot;noNavigation&quot;:false,&quot;bg_slider&quot;:false,&quot;keep_padding&quot;:false,&quot;hoverpause&quot;:false,&quot;show_slide_delay&quot;:0}\"  itemprop=\"image\" itemscope=\"itemscope\" itemtype=\"https:\/\/schema.org\/ImageObject\" ><ul class='avia-slideshow-inner ' style='padding-bottom: 42.3%;'><li  class='avia-slideshow-slide av-14x9koe-304661e293c2375f1e33045b96869d57__0  slide-1 slide-odd'><div data-rel='slideshow-1' class='avia-slide-wrap '   ><img decoding=\"async\" fetchpriority=\"high\" class=\"wp-image-3285 avia-img-lazy-loading-not-3285\"  src=\"https:\/\/gruber-fuerschuss.at\/wp-content\/uploads\/2023\/12\/Slider-Bild-3-MC-Maske.jpg\" width=\"1000\" height=\"423\" title='Slider Bild 3 MC Maske' alt='Zahn\u00e4rztin Dr Marlene Gruber-F\u00fcrschuss im Gespr\u00e4ch mit Patientin'  itemprop=\"thumbnailUrl\" srcset=\"https:\/\/gruber-fuerschuss.at\/wp-content\/uploads\/2023\/12\/Slider-Bild-3-MC-Maske.jpg 1000w, https:\/\/gruber-fuerschuss.at\/wp-content\/uploads\/2023\/12\/Slider-Bild-3-MC-Maske-300x127.jpg 300w, https:\/\/gruber-fuerschuss.at\/wp-content\/uploads\/2023\/12\/Slider-Bild-3-MC-Maske-768x325.jpg 768w, https:\/\/gruber-fuerschuss.at\/wp-content\/uploads\/2023\/12\/Slider-Bild-3-MC-Maske-705x298.jpg 705w\" sizes=\"(max-width: 1000px) 100vw, 1000px\" \/><\/div><\/li><li  class='avia-slideshow-slide av-14x9koe-304661e293c2375f1e33045b96869d57__1  slide-2 slide-even'><div data-rel='slideshow-1' class='avia-slide-wrap '   ><img decoding=\"async\" fetchpriority=\"high\" class=\"wp-image-3468 avia-img-lazy-loading-not-3468\"  src=\"https:\/\/gruber-fuerschuss.at\/wp-content\/uploads\/2024\/05\/Wartezimmer.jpg\" width=\"1000\" height=\"423\" title='Wartezimmer' alt='Wartezimmer Ordination Dr. Gruber-F\u00fcrschuss'  itemprop=\"thumbnailUrl\" srcset=\"https:\/\/gruber-fuerschuss.at\/wp-content\/uploads\/2024\/05\/Wartezimmer.jpg 1000w, https:\/\/gruber-fuerschuss.at\/wp-content\/uploads\/2024\/05\/Wartezimmer-300x127.jpg 300w, https:\/\/gruber-fuerschuss.at\/wp-content\/uploads\/2024\/05\/Wartezimmer-768x325.jpg 768w, https:\/\/gruber-fuerschuss.at\/wp-content\/uploads\/2024\/05\/Wartezimmer-705x298.jpg 705w\" sizes=\"(max-width: 1000px) 100vw, 1000px\" \/><\/div><\/li><li  class='avia-slideshow-slide av-14x9koe-304661e293c2375f1e33045b96869d57__2  slide-3 slide-odd'><div data-rel='slideshow-1' class='avia-slide-wrap '   ><img decoding=\"async\" fetchpriority=\"high\" class=\"wp-image-3283 avia-img-lazy-loading-not-3283\"  src=\"https:\/\/gruber-fuerschuss.at\/wp-content\/uploads\/2023\/12\/Slider-Bild-1-MC-Maske1.jpg\" width=\"999\" height=\"423\" title='Slider Bild 1 MC Maske1' alt='Zahn\u00e4rztin Dr. Marlene Gruber-F\u00fcrschuss bei Behandlung von junger Patientin'  itemprop=\"thumbnailUrl\" srcset=\"https:\/\/gruber-fuerschuss.at\/wp-content\/uploads\/2023\/12\/Slider-Bild-1-MC-Maske1.jpg 999w, https:\/\/gruber-fuerschuss.at\/wp-content\/uploads\/2023\/12\/Slider-Bild-1-MC-Maske1-300x127.jpg 300w, https:\/\/gruber-fuerschuss.at\/wp-content\/uploads\/2023\/12\/Slider-Bild-1-MC-Maske1-768x325.jpg 768w, https:\/\/gruber-fuerschuss.at\/wp-content\/uploads\/2023\/12\/Slider-Bild-1-MC-Maske1-705x299.jpg 705w\" sizes=\"(max-width: 999px) 100vw, 999px\" \/><\/div><\/li><li  class='avia-slideshow-slide av-14x9koe-304661e293c2375f1e33045b96869d57__3  slide-4 slide-even'><div data-rel='slideshow-1' class='avia-slide-wrap '   ><img decoding=\"async\" fetchpriority=\"high\" class=\"wp-image-3467 avia-img-lazy-loading-not-3467\"  src=\"https:\/\/gruber-fuerschuss.at\/wp-content\/uploads\/2024\/05\/RezeptionblauerStuhl1.jpg\" width=\"998\" height=\"423\" title='RezeptionblauerStuhl1' alt='Behandlungsstuhl links, rechts Rezeption'  itemprop=\"thumbnailUrl\" srcset=\"https:\/\/gruber-fuerschuss.at\/wp-content\/uploads\/2024\/05\/RezeptionblauerStuhl1.jpg 1000w, https:\/\/gruber-fuerschuss.at\/wp-content\/uploads\/2024\/05\/RezeptionblauerStuhl1-300x127.jpg 300w, https:\/\/gruber-fuerschuss.at\/wp-content\/uploads\/2024\/05\/RezeptionblauerStuhl1-768x326.jpg 768w, https:\/\/gruber-fuerschuss.at\/wp-content\/uploads\/2024\/05\/RezeptionblauerStuhl1-705x299.jpg 705w\" sizes=\"(max-width: 998px) 100vw, 998px\" \/><\/div><\/li><li  class='avia-slideshow-slide av-14x9koe-304661e293c2375f1e33045b96869d57__4  slide-5 slide-odd'><div data-rel='slideshow-1' class='avia-slide-wrap '   ><img decoding=\"async\" fetchpriority=\"high\" class=\"wp-image-3466 avia-img-lazy-loading-not-3466\"  src=\"https:\/\/gruber-fuerschuss.at\/wp-content\/uploads\/2024\/05\/Behandlungsraum-rot.jpg\" width=\"1000\" height=\"423\" title='Behandlungsraum rot' alt='Behandlungsstuhl rot von hinten, an der Wand Monitor'  itemprop=\"thumbnailUrl\" srcset=\"https:\/\/gruber-fuerschuss.at\/wp-content\/uploads\/2024\/05\/Behandlungsraum-rot.jpg 1000w, https:\/\/gruber-fuerschuss.at\/wp-content\/uploads\/2024\/05\/Behandlungsraum-rot-300x127.jpg 300w, https:\/\/gruber-fuerschuss.at\/wp-content\/uploads\/2024\/05\/Behandlungsraum-rot-768x325.jpg 768w, https:\/\/gruber-fuerschuss.at\/wp-content\/uploads\/2024\/05\/Behandlungsraum-rot-705x298.jpg 705w\" sizes=\"(max-width: 1000px) 100vw, 1000px\" \/><\/div><\/li><\/ul><div class='avia-slideshow-arrows avia-slideshow-controls' ><a href='#prev' class='prev-slide  avia-svg-icon avia-font-svg_entypo-fontello' data-av_svg_icon='left-open-big' data-av_iconset='svg_entypo-fontello' tabindex='-1' title=\"Zur\u00fcck\"><svg version=\"1.1\" xmlns=\"http:\/\/www.w3.org\/2000\/svg\" width=\"15\" height=\"32\" viewBox=\"0 0 15 32\" preserveAspectRatio=\"xMidYMid meet\" aria-labelledby='av-svg-title-1' aria-describedby='av-svg-desc-1' role=\"graphics-symbol\" aria-hidden=\"true\">\n<title id='av-svg-title-1'>Zur\u00fcck<\/title>\n<desc id='av-svg-desc-1'>Zur\u00fcck<\/desc>\n<path d=\"M14.464 27.84q0.832 0.832 0 1.536-0.832 0.832-1.536 0l-12.544-12.608q-0.768-0.768 0-1.6l12.544-12.608q0.704-0.832 1.536 0 0.832 0.704 0 1.536l-11.456 11.904z\"><\/path>\n<\/svg><span class='avia_hidden_link_text'>Zur\u00fcck<\/span><\/a><a href='#next' class='next-slide  avia-svg-icon avia-font-svg_entypo-fontello' data-av_svg_icon='right-open-big' data-av_iconset='svg_entypo-fontello' tabindex='-1' title=\"Weiter\"><svg version=\"1.1\" xmlns=\"http:\/\/www.w3.org\/2000\/svg\" width=\"15\" height=\"32\" viewBox=\"0 0 15 32\" preserveAspectRatio=\"xMidYMid meet\" aria-labelledby='av-svg-title-2' aria-describedby='av-svg-desc-2' role=\"graphics-symbol\" aria-hidden=\"true\">\n<title id='av-svg-title-2'>Weiter<\/title>\n<desc id='av-svg-desc-2'>Weiter<\/desc>\n<path d=\"M0.416 27.84l11.456-11.84-11.456-11.904q-0.832-0.832 0-1.536 0.832-0.832 1.536 0l12.544 12.608q0.768 0.832 0 1.6l-12.544 12.608q-0.704 0.832-1.536 0-0.832-0.704 0-1.536z\"><\/path>\n<\/svg><span class='avia_hidden_link_text'>Weiter<\/span><\/a><\/div><div class='avia-slideshow-dots avia-slideshow-controls'><a href='#1' class='goto-slide active' >1<\/a><a href='#2' class='goto-slide ' >2<\/a><a href='#3' class='goto-slide ' >3<\/a><a href='#4' class='goto-slide ' >4<\/a><a href='#5' class='goto-slide ' >5<\/a><\/div><\/div>\n\n<style type=\"text\/css\" data-created_by=\"avia_inline_auto\" id=\"style-css-av-y88vke-cf45028efc9a0699e75b78b91c0efdc3\">\n#top .hr.hr-invisible.av-y88vke-cf45028efc9a0699e75b78b91c0efdc3{\nheight:30px;\n}\n<\/style>\n<div  class='hr av-y88vke-cf45028efc9a0699e75b78b91c0efdc3 hr-invisible  avia-builder-el-3  el_after_av_slideshow  el_before_av_one_third '><span class='hr-inner '><span class=\"hr-inner-style\"><\/span><\/span><\/div>\n<div  class='flex_column av-5gp1nh-9a6ec960b7e4c9777769d3002ffb9d66 av_one_third  avia-builder-el-4  el_after_av_hr  el_before_av_one_third  first flex_column_div  '     ><article  class='iconbox iconbox_left av-33n86m-d4a26ad08e5061f9ead038595e084284  avia-builder-el-5  avia-builder-el-no-sibling '  itemscope=\"itemscope\" itemtype=\"https:\/\/schema.org\/CreativeWork\" ><div class=\"iconbox_content\"><header class=\"entry-content-header\" aria-label=\"Icon: Anfahrt\"><div class='iconbox_icon heading-color avia-svg-icon avia-font-svg_entypo-fontello' data-av_svg_icon='59' data-av_iconset='svg_entypo-fontello' ><\/div><h3 class='iconbox_content_title '  itemprop=\"headline\" >Anfahrt<\/h3><\/header><div class='iconbox_content_container '  itemprop=\"text\" ><p>Unsere Praxis ist gut mit dem <strong>Auto<\/strong> und mit dem <strong>\u00f6ffentlichen Verkehr<\/strong> erreichbar.<\/p>\n<p style=\"text-align: left;\"><a href=\"http:\/\/gru.db-text.at\/?page_id=3289\">Hier<\/a> finden Sie <strong>n\u00e4here Informationen<\/strong> und einen <strong>Umgebungsplan.<\/strong><\/p>\n<\/div><\/div><footer class=\"entry-footer\"><\/footer><\/article><\/div>\n<div  class='flex_column av-4jtx25-6bce6a2b051f50c26af7613a90be504e av_one_third  avia-builder-el-6  el_after_av_one_third  el_before_av_one_third  flex_column_div  '     ><article  class='iconbox iconbox_left av-lqgeckrz-e59a6a3fa8e008bf2a3edbcde5acdf6d  avia-builder-el-7  avia-builder-el-no-sibling '  itemscope=\"itemscope\" itemtype=\"https:\/\/schema.org\/CreativeWork\" ><div class=\"iconbox_content\"><header class=\"entry-content-header\" aria-label=\"Icon: Unsere Ordinations\u00adzeiten\"><div class='iconbox_icon heading-color avia-svg-icon avia-font-svg_entypo-fontello' data-av_svg_icon='59' data-av_iconset='svg_entypo-fontello' ><\/div><h3 class='iconbox_content_title '  itemprop=\"headline\" >Unsere Ordinations\u00adzeiten<\/h3><\/header><div class='iconbox_content_container '  itemprop=\"text\" ><p>Mo und Mi 13:30 &#8211; 19:00<br \/>\nDie und Do 9:00 &#8211; 14:00<br \/>\nFr 9:00 &#8211; 13:00<\/p>\n<p>Terminvereinbarungen sind <strong>ausschlie\u00dflich zu den Ordinationszeiten telefonisch<\/strong> m\u00f6glich. Wir ersuchen um Verst\u00e4ndnis, dass es <strong>ohne vorherige Voranmeldung zu langen Wartezeiten<\/strong> kommen kann.<\/p>\n<\/div><\/div><footer class=\"entry-footer\"><\/footer><\/article><\/div>\n<div  class='flex_column av-2mezn1-dc657e5fb3730978b1bfbef286e772bc av_one_third  avia-builder-el-8  el_after_av_one_third  el_before_av_one_full  flex_column_div  '     ><article  class='iconbox iconbox_left av-lqgedxxx-9f0dffdd6bd6c790e7d016b23b0b30c5  avia-builder-el-9  avia-builder-el-no-sibling '  itemscope=\"itemscope\" itemtype=\"https:\/\/schema.org\/CreativeWork\" ><div class=\"iconbox_content\"><header class=\"entry-content-header\" aria-label=\"Icon: Urlaub\"><div class='iconbox_icon heading-color avia-svg-icon avia-font-svg_entypo-fontello' data-av_svg_icon='59' data-av_iconset='svg_entypo-fontello' ><\/div><h3 class='iconbox_content_title '  itemprop=\"headline\" >Urlaub<\/h3><\/header><div class='iconbox_content_container '  itemprop=\"text\" ><p><a href=\"https:\/\/gruber-fuerschuss.at\/?page_id=3315\">Hier<\/a> finden Sie aktuelle Informationen zu unseren Urlaubszeiten. Bitte wenden Sie sich in akuten Notf\u00e4llen au\u00dferhalb unserer Ordinationszeiten an den <strong>zahn\u00e4rztlichen Notdienst<\/strong> (01\/512 20 78) oder an die <strong>Notfallambulanz der Univ. Zahnklinik mit Traumaversorgung<\/strong> im 9.Bez. (Senseng. 2a, 1090 Wien, 01\/40070-2023, Mo-So 8-14h)<\/p>\n<\/div><\/div><footer class=\"entry-footer\"><\/footer><\/article><\/div>\n<div  class='flex_column av-2zkvtp-5a99ef16a1ab1728337fe415c928165d av_one_full  avia-builder-el-10  el_after_av_one_third  avia-builder-el-last  first flex_column_div  column-top-margin'     ><style type=\"text\/css\" data-created_by=\"avia_inline_auto\" id=\"style-css-av-lqz0jf08-83248bbbe3800ba01ff1bdb572e5cf95\">\n#top .hr.hr-invisible.av-lqz0jf08-83248bbbe3800ba01ff1bdb572e5cf95{\nheight:70px;\n}\n<\/style>\n<div  class='hr av-lqz0jf08-83248bbbe3800ba01ff1bdb572e5cf95 hr-invisible  avia-builder-el-11  avia-builder-el-no-sibling '><span class='hr-inner '><span class=\"hr-inner-style\"><\/span><\/span><\/div><\/div>\n","protected":false},"excerpt":{"rendered":"<p>This is a Page excerpt. It will be displayed for search results<\/p>\n","protected":false},"author":1,"featured_media":0,"parent":0,"menu_order":0,"comment_status":"open","ping_status":"closed","template":"","meta":{"footnotes":""},"class_list":["post-3277","page","type-page","status-publish","hentry"],"_links":{"self":[{"href":"https:\/\/gruber-fuerschuss.at\/index.php?rest_route=\/wp\/v2\/pages\/3277","targetHints":{"allow":["GET"]}}],"collection":[{"href":"https:\/\/gruber-fuerschuss.at\/index.php?rest_route=\/wp\/v2\/pages"}],"about":[{"href":"https:\/\/gruber-fuerschuss.at\/index.php?rest_route=\/wp\/v2\/types\/page"}],"author":[{"embeddable":true,"href":"https:\/\/gruber-fuerschuss.at\/index.php?rest_route=\/wp\/v2\/users\/1"}],"replies":[{"embeddable":true,"href":"https:\/\/gruber-fuerschuss.at\/index.php?rest_route=%2Fwp%2Fv2%2Fcomments&post=3277"}],"version-history":[{"count":33,"href":"https:\/\/gruber-fuerschuss.at\/index.php?rest_route=\/wp\/v2\/pages\/3277\/revisions"}],"predecessor-version":[{"id":3493,"href":"https:\/\/gruber-fuerschuss.at\/index.php?rest_route=\/wp\/v2\/pages\/3277\/revisions\/3493"}],"wp:attachment":[{"href":"https:\/\/gruber-fuerschuss.at\/index.php?rest_route=%2Fwp%2Fv2%2Fmedia&parent=3277"}],"curies":[{"name":"wp","href":"https:\/\/api.w.org\/{rel}","templated":true}]}}